{"id":13,"date":"2022-07-11T15:30:07","date_gmt":"2022-07-11T13:30:07","guid":{"rendered":"http:\/\/lesglacesdemadameclown.com\/?page_id=13"},"modified":"2026-03-23T12:04:32","modified_gmt":"2026-03-23T11:04:32","slug":"notre-salle-devenements","status":"publish","type":"page","link":"https:\/\/lesglacesdemadameclown.com\/index.php\/notre-salle-devenements\/","title":{"rendered":"Vos \u00e9v\u00e8nements"},"content":{"rendered":"\n<p>Tout est imaginable &#8230;. vous voulez louer la salle avec le jardin &#8230; avec ou sans glaces &#8230;. le plus simple est de nous en parler &#8230;.<\/p>\n\n\n\n<p class=\"has-text-align-center\"><strong><mark style=\"background-color:rgba(0, 0, 0, 0)\" class=\"has-inline-color has-ast-global-color-0-color\">&#8230;&#8230;.. LE VELO GLACE et BAR A GLACE&#8230;&#8230;..<\/mark><\/strong><\/p>\n\n\n\n<p class=\"has-text-align-center\">Vous d\u00e9sirez d\u00e9guster nos bonnes glaces <strong>chez vous<\/strong> lors de vos \u00e9v\u00e9nements ? &#8230;&#8230;&#8230;&#8230;. c&rsquo;est possible avec le V\u00e9lo-Glace ou le bar \u00e0 Glace.<\/p>\n\n\n\n<p>                                                                                                                           <strong>Le Bar \u00e0 Glace<\/strong><\/p>\n\n\n\n<p>                                                                                                  Pour un petit \u00e9v\u00e9nement maximum150 boules.<\/p>\n\n\n\n<p>Trois parfums au maximum (3X5 L)<\/p>\n\n\n\n<p>Location du Bar \u00e0 Glace : 60\u20ac<\/p>\n\n\n\n<p>Glace et sorbet : 12\u20ac\/L<\/p>\n\n\n\n<p>Transport par vos soins<\/p>\n\n\n\n<p><\/p>\n\n\n\n<figure class=\"wp-block-image size-large is-resized\"><img loading=\"lazy\" decoding=\"async\" width=\"1024\" height=\"768\" src=\"https:\/\/lesglacesdemadameclown.com\/wp-content\/uploads\/2025\/03\/20250306_145557-1024x768.jpg\" alt=\"\" class=\"wp-image-377\" style=\"width:471px;height:auto\" srcset=\"https:\/\/lesglacesdemadameclown.com\/wp-content\/uploads\/2025\/03\/20250306_145557-1024x768.jpg 1024w, https:\/\/lesglacesdemadameclown.com\/wp-content\/uploads\/2025\/03\/20250306_145557-300x225.jpg 300w, https:\/\/lesglacesdemadameclown.com\/wp-content\/uploads\/2025\/03\/20250306_145557-768x576.jpg 768w, https:\/\/lesglacesdemadameclown.com\/wp-content\/uploads\/2025\/03\/20250306_145557-1536x1152.jpg 1536w, https:\/\/lesglacesdemadameclown.com\/wp-content\/uploads\/2025\/03\/20250306_145557-2048x1536.jpg 2048w\" sizes=\"auto, (max-width: 1024px) 100vw, 1024px\" \/><\/figure>\n\n\n\n<p><\/p>\n\n\n\n<p class=\"has-text-align-center\"><strong>Le V\u00e9lo Glace<\/strong><\/p>\n\n\n\n<p class=\"has-text-align-center\">Nous avons <strong>2 formules <\/strong>\u00e0 vous proposer :<\/p>\n\n\n\n<figure class=\"wp-block-image size-full\"><img loading=\"lazy\" decoding=\"async\" width=\"320\" height=\"192\" src=\"https:\/\/lesglacesdemadameclown.com\/wp-content\/uploads\/2025\/03\/image.png\" alt=\"\" class=\"wp-image-378\" srcset=\"https:\/\/lesglacesdemadameclown.com\/wp-content\/uploads\/2025\/03\/image.png 320w, https:\/\/lesglacesdemadameclown.com\/wp-content\/uploads\/2025\/03\/image-300x180.png 300w\" sizes=\"auto, (max-width: 320px) 100vw, 320px\" \/><\/figure>\n\n\n\n<p class=\"has-text-align-center\"><strong>Formule 1<\/strong><\/p>\n\n\n\n<p class=\"has-text-align-center\"><strong>moyen \u00e9v\u00e9nement<\/strong> pour minimum 200 boules.<\/p>\n\n\n\n<p class=\"has-text-align-center\">Vous louez le v\u00e9lo pour un montant de 100\u20ac (transport\u00e9 par nos soins + 0,30\u20ac\/km si plus de 10 km de Grez-Doiceau)<\/p>\n\n\n\n<p class=\"has-text-align-center\">Achat de minimum 10 litres de glaces (plusieurs choix sont possible) au prix de <strong>12\u20ac\/ L<\/strong><\/p>\n\n\n\n<p class=\"has-text-align-center\"><\/p>\n\n\n\n<p><\/p>\n\n\n\n<p class=\"has-text-align-center\"><strong>Formule 2<\/strong> :<\/p>\n\n\n\n<p class=\"has-text-align-center\"><strong>Grand \u00e9v\u00e9nement <\/strong>(seulement en journ\u00e9e) pour minimum 300 boules<\/p>\n\n\n\n<p class=\"has-text-align-center\">Nous arrivons avec le V\u00e9lo et nous assurons le service complet. <\/p>\n\n\n\n<p class=\"has-text-align-center\">Plusieurs choix de glaces et sorbets possible.<\/p>\n\n\n\n<p class=\"has-text-align-center\">Prix \u00e0 la boule : les 300 premi\u00e8res boules \u00e0 3 \u20ac apr\u00e8s 2,5\u20ac la boule.<\/p>\n\n\n\n<p class=\"has-text-align-center\">Transport\u00e9 par nos soins (0,30\u20ac\/km si plus de 10 km de Grez-Doiceau)<\/p>\n\n\n\n<p> BON \u00e0 SAVOIR :         <\/p>\n\n\n\n<p> Des petits pots avec cuill\u00e8res en biscuit et cornets sont disponibles au prix de 0,30 cent l&rsquo;unit\u00e9.<\/p>\n\n\n\n<p>Nous vous fournissons 2 pinces \u00e0 glace et les accessoires n\u00e9cessaire<\/p>\n\n\n\n<p> On peut faire 10 boules dans 1 litre de glace.<\/p>\n\n\n\n<div class=\"inherit-container-width wp-block-group is-layout-constrained wp-block-group-is-layout-constrained\">\n<figure class=\"wp-block-gallery has-nested-images columns-default is-cropped wp-block-gallery-1 is-layout-flex wp-block-gallery-is-layout-flex\">\n<figure class=\"wp-block-image size-large\"><img loading=\"lazy\" decoding=\"async\" width=\"1024\" height=\"739\" data-id=\"263\" src=\"https:\/\/lesglacesdemadameclown.com\/wp-content\/uploads\/2023\/05\/5e1bd791-1dee-4446-9e3c-2e4ab821baa6-2-1024x739.jpg\" alt=\"\" class=\"wp-image-263\" srcset=\"https:\/\/lesglacesdemadameclown.com\/wp-content\/uploads\/2023\/05\/5e1bd791-1dee-4446-9e3c-2e4ab821baa6-2-1024x739.jpg 1024w, https:\/\/lesglacesdemadameclown.com\/wp-content\/uploads\/2023\/05\/5e1bd791-1dee-4446-9e3c-2e4ab821baa6-2-300x217.jpg 300w, https:\/\/lesglacesdemadameclown.com\/wp-content\/uploads\/2023\/05\/5e1bd791-1dee-4446-9e3c-2e4ab821baa6-2-768x554.jpg 768w, https:\/\/lesglacesdemadameclown.com\/wp-content\/uploads\/2023\/05\/5e1bd791-1dee-4446-9e3c-2e4ab821baa6-2.jpg 1248w\" sizes=\"auto, (max-width: 1024px) 100vw, 1024px\" \/><\/figure>\n<\/figure>\n<\/div>\n\n\n\n<div class=\"inherit-container-width wp-block-group is-layout-constrained wp-block-group-is-layout-constrained\">\n<figure class=\"wp-block-image size-medium\"><img loading=\"lazy\" decoding=\"async\" width=\"300\" height=\"262\" src=\"https:\/\/lesglacesdemadameclown.com\/wp-content\/uploads\/2023\/05\/d5dc3478-63b8-41ab-a248-b5d052a22c6d-300x262.jpg\" alt=\"\" class=\"wp-image-264\" srcset=\"https:\/\/lesglacesdemadameclown.com\/wp-content\/uploads\/2023\/05\/d5dc3478-63b8-41ab-a248-b5d052a22c6d-300x262.jpg 300w, https:\/\/lesglacesdemadameclown.com\/wp-content\/uploads\/2023\/05\/d5dc3478-63b8-41ab-a248-b5d052a22c6d-1024x894.jpg 1024w, https:\/\/lesglacesdemadameclown.com\/wp-content\/uploads\/2023\/05\/d5dc3478-63b8-41ab-a248-b5d052a22c6d-768x671.jpg 768w, https:\/\/lesglacesdemadameclown.com\/wp-content\/uploads\/2023\/05\/d5dc3478-63b8-41ab-a248-b5d052a22c6d.jpg 1032w\" sizes=\"auto, (max-width: 300px) 100vw, 300px\" \/><\/figure>\n\n\n\n<figure class=\"wp-block-image size-full\"><img loading=\"lazy\" decoding=\"async\" width=\"320\" height=\"192\" src=\"https:\/\/lesglacesdemadameclown.com\/wp-content\/uploads\/2023\/05\/Tri_01-2.jpg\" alt=\"\" class=\"wp-image-267\" srcset=\"https:\/\/lesglacesdemadameclown.com\/wp-content\/uploads\/2023\/05\/Tri_01-2.jpg 320w, https:\/\/lesglacesdemadameclown.com\/wp-content\/uploads\/2023\/05\/Tri_01-2-300x180.jpg 300w\" sizes=\"auto, (max-width: 320px) 100vw, 320px\" \/><\/figure>\n<\/div>\n","protected":false},"excerpt":{"rendered":"<p>Tout est imaginable &#8230;. vous voulez louer la salle avec le jardin &#8230; avec ou sans glaces &#8230;. le plus simple est de nous en parler &#8230;. &#8230;&#8230;.. LE VELO GLACE et BAR A GLACE&#8230;&#8230;.. Vous d\u00e9sirez d\u00e9guster nos bonnes glaces chez vous lors de vos \u00e9v\u00e9nements ? &#8230;&#8230;&#8230;&#8230;. c&rsquo;est possible avec le V\u00e9lo-Glace ou &hellip;<\/p>\n<p class=\"read-more\"> <a class=\"\" href=\"https:\/\/lesglacesdemadameclown.com\/index.php\/notre-salle-devenements\/\"> <span class=\"screen-reader-text\">Vos \u00e9v\u00e8nements<\/span> Lire la suite\u00a0\u00bb<\/a><\/p>\n","protected":false},"author":1,"featured_media":0,"parent":0,"menu_order":0,"comment_status":"closed","ping_status":"closed","template":"","meta":{"_uag_custom_page_level_css":"","site-sidebar-layout":"default","site-content-layout":"default","ast-global-header-display":"","ast-main-header-display":"","ast-hfb-above-header-display":"","ast-hfb-below-header-display":"","ast-hfb-mobile-header-display":"","site-post-title":"","ast-breadcrumbs-content":"","ast-featured-img":"","footer-sml-layout":"","theme-transparent-header-meta":"","adv-header-id-meta":"","stick-header-meta":"","header-above-stick-meta":"","header-main-stick-meta":"","header-below-stick-meta":"","footnotes":""},"class_list":["post-13","page","type-page","status-publish","hentry"],"uagb_featured_image_src":{"full":false,"thumbnail":false,"medium":false,"medium_large":false,"large":false,"1536x1536":false,"2048x2048":false},"uagb_author_info":{"display_name":"admin4552","author_link":"https:\/\/lesglacesdemadameclown.com\/index.php\/author\/admin4552\/"},"uagb_comment_info":0,"uagb_excerpt":"Tout est imaginable &#8230;. vous voulez louer la salle avec le jardin &#8230; avec ou sans glaces &#8230;. le plus simple est de nous en parler &#8230;. &#8230;&#8230;.. LE VELO GLACE et BAR A GLACE&#8230;&#8230;.. Vous d\u00e9sirez d\u00e9guster nos bonnes glaces chez vous lors de vos \u00e9v\u00e9nements ? &#8230;&#8230;&#8230;&#8230;. c&rsquo;est possible avec le V\u00e9lo-Glace ou\u2026","_links":{"self":[{"href":"https:\/\/lesglacesdemadameclown.com\/index.php\/wp-json\/wp\/v2\/pages\/13","targetHints":{"allow":["GET"]}}],"collection":[{"href":"https:\/\/lesglacesdemadameclown.com\/index.php\/wp-json\/wp\/v2\/pages"}],"about":[{"href":"https:\/\/lesglacesdemadameclown.com\/index.php\/wp-json\/wp\/v2\/types\/page"}],"author":[{"embeddable":true,"href":"https:\/\/lesglacesdemadameclown.com\/index.php\/wp-json\/wp\/v2\/users\/1"}],"replies":[{"embeddable":true,"href":"https:\/\/lesglacesdemadameclown.com\/index.php\/wp-json\/wp\/v2\/comments?post=13"}],"version-history":[{"count":11,"href":"https:\/\/lesglacesdemadameclown.com\/index.php\/wp-json\/wp\/v2\/pages\/13\/revisions"}],"predecessor-version":[{"id":446,"href":"https:\/\/lesglacesdemadameclown.com\/index.php\/wp-json\/wp\/v2\/pages\/13\/revisions\/446"}],"wp:attachment":[{"href":"https:\/\/lesglacesdemadameclown.com\/index.php\/wp-json\/wp\/v2\/media?parent=13"}],"curies":[{"name":"wp","href":"https:\/\/api.w.org\/{rel}","templated":true}]}}