{"id":32,"date":"2022-07-11T15:35:09","date_gmt":"2022-07-11T13:35:09","guid":{"rendered":"http:\/\/lesglacesdemadameclown.com\/?page_id=32"},"modified":"2026-01-19T15:50:55","modified_gmt":"2026-01-19T14:50:55","slug":"accueil","status":"publish","type":"page","link":"https:\/\/lesglacesdemadameclown.com\/","title":{"rendered":"Bienvenue"},"content":{"rendered":"\n<p><\/p>\n\n\n\n<p>Ce site est en construction, il s&rsquo;enrichira au fil du temps. <\/p>\n\n\n\n<div class=\"wp-block-columns is-layout-flex wp-container-core-columns-is-layout-c6bc58be wp-block-columns-is-layout-flex\" style=\"padding-top:0px;padding-right:0px;padding-bottom:0px;padding-left:0px\">\n<div class=\"wp-block-column is-layout-flow wp-block-column-is-layout-flow\" style=\"padding-top:0px;padding-right:0px;padding-bottom:0px;padding-left:0px;flex-basis:66.66%\">\n<figure class=\"wp-block-image size-large is-resized\"><img loading=\"lazy\" decoding=\"async\" width=\"1024\" height=\"700\" src=\"https:\/\/lesglacesdemadameclown.com\/wp-content\/uploads\/2022\/07\/salon-degustation-1-1024x700.jpg\" alt=\"\" class=\"wp-image-146\" style=\"width:770px;height:undefinedpx\" srcset=\"https:\/\/lesglacesdemadameclown.com\/wp-content\/uploads\/2022\/07\/salon-degustation-1-1024x700.jpg 1024w, https:\/\/lesglacesdemadameclown.com\/wp-content\/uploads\/2022\/07\/salon-degustation-1-300x205.jpg 300w, https:\/\/lesglacesdemadameclown.com\/wp-content\/uploads\/2022\/07\/salon-degustation-1-768x525.jpg 768w, https:\/\/lesglacesdemadameclown.com\/wp-content\/uploads\/2022\/07\/salon-degustation-1.jpg 1440w\" sizes=\"auto, (max-width: 1024px) 100vw, 1024px\" \/><\/figure>\n<\/div>\n\n\n\n<div class=\"wp-block-column is-layout-flow wp-block-column-is-layout-flow\" style=\"flex-basis:33.33%\">\n<h3 class=\"wp-block-heading\">Un artisan glacier \u00e0 Grez-Doiceau<\/h3>\n\n\n\n<p>Notre salon de d\u00e9gustation se situe au c\u0153ur du village de Grez-Doiceau, en  dessous de l&rsquo;\u00e9cole de clown.<br>Notre terrasse et notre jardin sont au calme, \u00e0 l&rsquo;arri\u00e8re du salon. Le parking est ais\u00e9 aux alentours.<\/p>\n\n\n\n<h3 class=\"wp-block-heading\">Les horaires<\/h3>\n\n\n\n<p class=\"has-text-align-center\"><\/p>\n\n\n\n<p class=\"has-text-align-center\"><strong>Nous vous accueillons :<\/strong><\/p>\n\n\n\n<p>Le mercredi de 14h \u00e0 18h <\/p>\n\n\n\n<p>                         Le jeudi de 14h \u00e0 18h<\/p>\n\n\n\n<p>Le vendredi de 14h \u00e0 18h<\/p>\n\n\n\n<p>Le samedi de 14h \u00e0 18h<\/p>\n\n\n\n<p>Le dimanche de 14h \u00e0 18h <br><\/p>\n\n\n\n<p><\/p>\n\n\n\n<h3 class=\"wp-block-heading\">L&rsquo;adresse<\/h3>\n\n\n\n<p>25 rue Henri Lecapitaine<br>1390 Grez-Doiceau<br>BELGIQUE<\/p>\n<\/div>\n<\/div>\n\n\n\n<figure class=\"wp-block-image size-large is-resized\"><img loading=\"lazy\" decoding=\"async\" width=\"1024\" height=\"768\" src=\"https:\/\/lesglacesdemadameclown.com\/wp-content\/uploads\/2023\/03\/942de58a-2af7-406d-b799-9ef220ebf26a-1024x768.jpg\" alt=\"\" class=\"wp-image-246\" style=\"width:395px;height:auto\" srcset=\"https:\/\/lesglacesdemadameclown.com\/wp-content\/uploads\/2023\/03\/942de58a-2af7-406d-b799-9ef220ebf26a-1024x768.jpg 1024w, https:\/\/lesglacesdemadameclown.com\/wp-content\/uploads\/2023\/03\/942de58a-2af7-406d-b799-9ef220ebf26a-300x225.jpg 300w, https:\/\/lesglacesdemadameclown.com\/wp-content\/uploads\/2023\/03\/942de58a-2af7-406d-b799-9ef220ebf26a-768x576.jpg 768w, https:\/\/lesglacesdemadameclown.com\/wp-content\/uploads\/2023\/03\/942de58a-2af7-406d-b799-9ef220ebf26a-1536x1152.jpg 1536w, https:\/\/lesglacesdemadameclown.com\/wp-content\/uploads\/2023\/03\/942de58a-2af7-406d-b799-9ef220ebf26a.jpg 1920w\" sizes=\"auto, (max-width: 1024px) 100vw, 1024px\" \/><\/figure>\n\n\n\n<figure class=\"wp-block-image size-full\"><img loading=\"lazy\" decoding=\"async\" width=\"240\" height=\"320\" src=\"https:\/\/lesglacesdemadameclown.com\/wp-content\/uploads\/2023\/03\/dc08f740-ea23-45d5-a8e0-6020bfd329d4.jpg\" alt=\"\" class=\"wp-image-245\" srcset=\"https:\/\/lesglacesdemadameclown.com\/wp-content\/uploads\/2023\/03\/dc08f740-ea23-45d5-a8e0-6020bfd329d4.jpg 240w, https:\/\/lesglacesdemadameclown.com\/wp-content\/uploads\/2023\/03\/dc08f740-ea23-45d5-a8e0-6020bfd329d4-225x300.jpg 225w\" sizes=\"auto, (max-width: 240px) 100vw, 240px\" \/><\/figure>\n\n\n\n<figure class=\"wp-block-image size-full\"><img loading=\"lazy\" decoding=\"async\" width=\"320\" height=\"240\" src=\"https:\/\/lesglacesdemadameclown.com\/wp-content\/uploads\/2023\/03\/IMG_7777-1-rotated.jpg\" alt=\"\" class=\"wp-image-248\" srcset=\"https:\/\/lesglacesdemadameclown.com\/wp-content\/uploads\/2023\/03\/IMG_7777-1-rotated.jpg 320w, https:\/\/lesglacesdemadameclown.com\/wp-content\/uploads\/2023\/03\/IMG_7777-1-300x225.jpg 300w\" sizes=\"auto, (max-width: 320px) 100vw, 320px\" \/><\/figure>\n\n\n\n<figure class=\"wp-block-image size-full\"><img loading=\"lazy\" decoding=\"async\" width=\"640\" height=\"360\" src=\"https:\/\/lesglacesdemadameclown.com\/wp-content\/uploads\/2024\/06\/4aa72bed-243b-4104-8c9c-083ba47807fd.jpg\" alt=\"\" class=\"wp-image-338\" srcset=\"https:\/\/lesglacesdemadameclown.com\/wp-content\/uploads\/2024\/06\/4aa72bed-243b-4104-8c9c-083ba47807fd.jpg 640w, https:\/\/lesglacesdemadameclown.com\/wp-content\/uploads\/2024\/06\/4aa72bed-243b-4104-8c9c-083ba47807fd-300x169.jpg 300w\" sizes=\"auto, (max-width: 640px) 100vw, 640px\" \/><\/figure>\n","protected":false},"excerpt":{"rendered":"<p>Ce site est en construction, il s&rsquo;enrichira au fil du temps. Un artisan glacier \u00e0 Grez-Doiceau Notre salon de d\u00e9gustation se situe au c\u0153ur du village de Grez-Doiceau, en dessous de l&rsquo;\u00e9cole de clown.Notre terrasse et notre jardin sont au calme, \u00e0 l&rsquo;arri\u00e8re du salon. Le parking est ais\u00e9 aux alentours. Les horaires Nous vous &hellip;<\/p>\n<p class=\"read-more\"> <a class=\"\" href=\"https:\/\/lesglacesdemadameclown.com\/\"> <span class=\"screen-reader-text\">Bienvenue<\/span> Lire la suite\u00a0\u00bb<\/a><\/p>\n","protected":false},"author":1,"featured_media":0,"parent":0,"menu_order":0,"comment_status":"closed","ping_status":"closed","template":"","meta":{"_uag_custom_page_level_css":"","site-sidebar-layout":"default","site-content-layout":"default","ast-global-header-display":"","ast-main-header-display":"","ast-hfb-above-header-display":"","ast-hfb-below-header-display":"","ast-hfb-mobile-header-display":"","site-post-title":"","ast-breadcrumbs-content":"","ast-featured-img":"","footer-sml-layout":"","theme-transparent-header-meta":"","adv-header-id-meta":"","stick-header-meta":"","header-above-stick-meta":"","header-main-stick-meta":"","header-below-stick-meta":"","footnotes":""},"class_list":["post-32","page","type-page","status-publish","hentry"],"uagb_featured_image_src":{"full":false,"thumbnail":false,"medium":false,"medium_large":false,"large":false,"1536x1536":false,"2048x2048":false},"uagb_author_info":{"display_name":"admin4552","author_link":"https:\/\/lesglacesdemadameclown.com\/index.php\/author\/admin4552\/"},"uagb_comment_info":0,"uagb_excerpt":"Ce site est en construction, il s&rsquo;enrichira au fil du temps. Un artisan glacier \u00e0 Grez-Doiceau Notre salon de d\u00e9gustation se situe au c\u0153ur du village de Grez-Doiceau, en dessous de l&rsquo;\u00e9cole de clown.Notre terrasse et notre jardin sont au calme, \u00e0 l&rsquo;arri\u00e8re du salon. Le parking est ais\u00e9 aux alentours. Les horaires Nous vous\u2026","_links":{"self":[{"href":"https:\/\/lesglacesdemadameclown.com\/index.php\/wp-json\/wp\/v2\/pages\/32","targetHints":{"allow":["GET"]}}],"collection":[{"href":"https:\/\/lesglacesdemadameclown.com\/index.php\/wp-json\/wp\/v2\/pages"}],"about":[{"href":"https:\/\/lesglacesdemadameclown.com\/index.php\/wp-json\/wp\/v2\/types\/page"}],"author":[{"embeddable":true,"href":"https:\/\/lesglacesdemadameclown.com\/index.php\/wp-json\/wp\/v2\/users\/1"}],"replies":[{"embeddable":true,"href":"https:\/\/lesglacesdemadameclown.com\/index.php\/wp-json\/wp\/v2\/comments?post=32"}],"version-history":[{"count":79,"href":"https:\/\/lesglacesdemadameclown.com\/index.php\/wp-json\/wp\/v2\/pages\/32\/revisions"}],"predecessor-version":[{"id":443,"href":"https:\/\/lesglacesdemadameclown.com\/index.php\/wp-json\/wp\/v2\/pages\/32\/revisions\/443"}],"wp:attachment":[{"href":"https:\/\/lesglacesdemadameclown.com\/index.php\/wp-json\/wp\/v2\/media?parent=32"}],"curies":[{"name":"wp","href":"https:\/\/api.w.org\/{rel}","templated":true}]}}