{"id":90,"date":"2022-07-11T21:13:23","date_gmt":"2022-07-11T19:13:23","guid":{"rendered":"https:\/\/lesglacesdemadameclown.com\/?page_id=90"},"modified":"2023-03-01T22:09:51","modified_gmt":"2023-03-01T21:09:51","slug":"notre-salon-et-son-jardin","status":"publish","type":"page","link":"https:\/\/lesglacesdemadameclown.com\/index.php\/notre-salon-et-son-jardin\/","title":{"rendered":"Notre salon et son jardin"},"content":{"rendered":"\n<p>(Page en construction)<br><\/p>\n\n\n\n<figure class=\"wp-block-image size-full\"><img loading=\"lazy\" decoding=\"async\" width=\"240\" height=\"320\" src=\"https:\/\/lesglacesdemadameclown.com\/wp-content\/uploads\/2023\/03\/IMG_7909-rotated.jpg\" alt=\"\" class=\"wp-image-239\" srcset=\"https:\/\/lesglacesdemadameclown.com\/wp-content\/uploads\/2023\/03\/IMG_7909-rotated.jpg 240w, https:\/\/lesglacesdemadameclown.com\/wp-content\/uploads\/2023\/03\/IMG_7909-225x300.jpg 225w\" sizes=\"auto, (max-width: 240px) 100vw, 240px\" \/><\/figure>\n\n\n\n<figure class=\"wp-block-image size-full\"><img loading=\"lazy\" decoding=\"async\" width=\"240\" height=\"320\" src=\"https:\/\/lesglacesdemadameclown.com\/wp-content\/uploads\/2023\/03\/IMG_7910-rotated.jpg\" alt=\"\" class=\"wp-image-241\" srcset=\"https:\/\/lesglacesdemadameclown.com\/wp-content\/uploads\/2023\/03\/IMG_7910-rotated.jpg 240w, https:\/\/lesglacesdemadameclown.com\/wp-content\/uploads\/2023\/03\/IMG_7910-225x300.jpg 225w\" sizes=\"auto, (max-width: 240px) 100vw, 240px\" \/><\/figure>\n\n\n\n<figure class=\"wp-block-image size-full\"><img loading=\"lazy\" decoding=\"async\" width=\"240\" height=\"320\" src=\"https:\/\/lesglacesdemadameclown.com\/wp-content\/uploads\/2023\/03\/IMG_7911-rotated.jpg\" alt=\"\" class=\"wp-image-242\" srcset=\"https:\/\/lesglacesdemadameclown.com\/wp-content\/uploads\/2023\/03\/IMG_7911-rotated.jpg 240w, https:\/\/lesglacesdemadameclown.com\/wp-content\/uploads\/2023\/03\/IMG_7911-225x300.jpg 225w\" sizes=\"auto, (max-width: 240px) 100vw, 240px\" \/><\/figure>\n\n\n\n<figure class=\"wp-block-image size-large\"><img loading=\"lazy\" decoding=\"async\" width=\"1024\" height=\"576\" src=\"https:\/\/lesglacesdemadameclown.com\/wp-content\/uploads\/2022\/07\/jardin-1024x576.jpg\" alt=\"\" class=\"wp-image-169\" srcset=\"https:\/\/lesglacesdemadameclown.com\/wp-content\/uploads\/2022\/07\/jardin-1024x576.jpg 1024w, https:\/\/lesglacesdemadameclown.com\/wp-content\/uploads\/2022\/07\/jardin-300x169.jpg 300w, https:\/\/lesglacesdemadameclown.com\/wp-content\/uploads\/2022\/07\/jardin-768x432.jpg 768w, https:\/\/lesglacesdemadameclown.com\/wp-content\/uploads\/2022\/07\/jardin.jpg 1280w\" sizes=\"auto, (max-width: 1024px) 100vw, 1024px\" \/><\/figure>\n\n\n\n<p>Notre jardin, derri\u00e8re le salon de d\u00e9gustation, est accessible en passant sur le c\u00f4t\u00e9 droit du b\u00e2timent.<\/p>\n","protected":false},"excerpt":{"rendered":"<p>(Page en construction) Notre jardin, derri\u00e8re le salon de d\u00e9gustation, est accessible en passant sur le c\u00f4t\u00e9 droit du b\u00e2timent.<\/p>\n","protected":false},"author":1,"featured_media":0,"parent":0,"menu_order":0,"comment_status":"closed","ping_status":"closed","template":"","meta":{"_uag_custom_page_level_css":"","site-sidebar-layout":"default","site-content-layout":"default","ast-global-header-display":"","ast-main-header-display":"","ast-hfb-above-header-display":"","ast-hfb-below-header-display":"","ast-hfb-mobile-header-display":"","site-post-title":"","ast-breadcrumbs-content":"","ast-featured-img":"","footer-sml-layout":"","theme-transparent-header-meta":"","adv-header-id-meta":"","stick-header-meta":"","header-above-stick-meta":"","header-main-stick-meta":"","header-below-stick-meta":"","footnotes":""},"class_list":["post-90","page","type-page","status-publish","hentry"],"uagb_featured_image_src":{"full":false,"thumbnail":false,"medium":false,"medium_large":false,"large":false,"1536x1536":false,"2048x2048":false},"uagb_author_info":{"display_name":"admin4552","author_link":"https:\/\/lesglacesdemadameclown.com\/index.php\/author\/admin4552\/"},"uagb_comment_info":0,"uagb_excerpt":"(Page en construction) Notre jardin, derri\u00e8re le salon de d\u00e9gustation, est accessible en passant sur le c\u00f4t\u00e9 droit du b\u00e2timent.","_links":{"self":[{"href":"https:\/\/lesglacesdemadameclown.com\/index.php\/wp-json\/wp\/v2\/pages\/90","targetHints":{"allow":["GET"]}}],"collection":[{"href":"https:\/\/lesglacesdemadameclown.com\/index.php\/wp-json\/wp\/v2\/pages"}],"about":[{"href":"https:\/\/lesglacesdemadameclown.com\/index.php\/wp-json\/wp\/v2\/types\/page"}],"author":[{"embeddable":true,"href":"https:\/\/lesglacesdemadameclown.com\/index.php\/wp-json\/wp\/v2\/users\/1"}],"replies":[{"embeddable":true,"href":"https:\/\/lesglacesdemadameclown.com\/index.php\/wp-json\/wp\/v2\/comments?post=90"}],"version-history":[{"count":5,"href":"https:\/\/lesglacesdemadameclown.com\/index.php\/wp-json\/wp\/v2\/pages\/90\/revisions"}],"predecessor-version":[{"id":243,"href":"https:\/\/lesglacesdemadameclown.com\/index.php\/wp-json\/wp\/v2\/pages\/90\/revisions\/243"}],"wp:attachment":[{"href":"https:\/\/lesglacesdemadameclown.com\/index.php\/wp-json\/wp\/v2\/media?parent=90"}],"curies":[{"name":"wp","href":"https:\/\/api.w.org\/{rel}","templated":true}]}}